{"id":2012,"date":"2020-03-11T10:51:42","date_gmt":"2020-03-11T13:51:42","guid":{"rendered":"http:\/\/trine.com.br\/loja\/?page_id=2012"},"modified":"2026-05-14T14:03:22","modified_gmt":"2026-05-14T17:03:22","slug":"inspire-se","status":"publish","type":"page","link":"https:\/\/avermetais.com.br\/en\/inspire-se\/","title":{"rendered":"Projects"},"content":{"rendered":"<div class=\"wp-block-columns is-layout-flex wp-container-core-columns-is-layout-9d6595d7 wp-block-columns-is-layout-flex\">\n<div class=\"wp-block-column is-layout-flow wp-block-column-is-layout-flow\" style=\"flex-basis:100%\">\n<p style=\"font-size:18px\">Aver Design is present in authorial projects developed by renowned architects and designers, always with unique pieces produced with natural materials and noble metals. Each environment presented here reflects exclusivity, artistic expression and sensoriality. Some pieces belong to past collections, but remain icons of our creative collection. <strong>Get Inspired<\/strong><\/p>\n<\/div>\n<\/div>\n\n\n\n<div style=\"height:7px\" aria-hidden=\"true\" class=\"wp-block-spacer\"><\/div>\n\n\n\n<div style=\"height:0px\" aria-hidden=\"true\" class=\"wp-block-spacer\"><\/div>\n\n\n<div class=\"wp-block-image margin25 is-style-rounded\">\n<figure class=\"alignleft size-full is-resized\"><img loading=\"lazy\" decoding=\"async\" width=\"169\" height=\"25\" src=\"http:\/\/avermetais.com.br\/wp-content\/uploads\/2020\/03\/icon-header-logo-dark-1.png\" alt=\"inspire-se\" class=\"wp-image-2218\" style=\"width:162px;height:auto\"\/><\/figure>\n<\/div>\n\n\n<p class=\"has-very-light-gray-background-color has-background\" style=\"font-size:18px\">Download the 3D blocks of our products and visualize the parts in your SketchUp project.<a href=\"https:\/\/3dwarehouse.sketchup.com\/user\/b145e646-cfde-44ca-be7a-752625e415c1\/Aver-Design\" target=\"_blank\" rel=\"noopener\"><strong>Access here<\/strong>.<\/a><br><\/p>\n\n\n\n<div style=\"height:20px\" aria-hidden=\"true\" class=\"wp-block-spacer\"><\/div>\n\n\n\n<p><\/p>","protected":false},"excerpt":{"rendered":"<p>A Aver Design est\u00e1 presente em projetos autorais desenvolvidos por arquitetos e designers renomados, sempre com pe\u00e7as \u00fanicas e produzidas com materiais naturais e metais nobres. Cada ambiente aqui apresentado [&hellip;]<\/p>\n","protected":false},"author":1,"featured_media":0,"parent":0,"menu_order":0,"comment_status":"closed","ping_status":"closed","template":"page-inspire.php","meta":{"_acf_changed":false,"footnotes":""},"class_list":["post-2012","page","type-page","status-publish","hentry"],"acf":[],"_links":{"self":[{"href":"https:\/\/avermetais.com.br\/en\/wp-json\/wp\/v2\/pages\/2012","targetHints":{"allow":["GET"]}}],"collection":[{"href":"https:\/\/avermetais.com.br\/en\/wp-json\/wp\/v2\/pages"}],"about":[{"href":"https:\/\/avermetais.com.br\/en\/wp-json\/wp\/v2\/types\/page"}],"author":[{"embeddable":true,"href":"https:\/\/avermetais.com.br\/en\/wp-json\/wp\/v2\/users\/1"}],"replies":[{"embeddable":true,"href":"https:\/\/avermetais.com.br\/en\/wp-json\/wp\/v2\/comments?post=2012"}],"version-history":[{"count":36,"href":"https:\/\/avermetais.com.br\/en\/wp-json\/wp\/v2\/pages\/2012\/revisions"}],"predecessor-version":[{"id":7157,"href":"https:\/\/avermetais.com.br\/en\/wp-json\/wp\/v2\/pages\/2012\/revisions\/7157"}],"wp:attachment":[{"href":"https:\/\/avermetais.com.br\/en\/wp-json\/wp\/v2\/media?parent=2012"}],"curies":[{"name":"wp","href":"https:\/\/api.w.org\/{rel}","templated":true}]}}