{"id":39,"date":"2020-03-06T10:30:41","date_gmt":"2020-03-06T13:30:41","guid":{"rendered":"http:\/\/trine.com.br\/loja\/?page_id=39"},"modified":"2026-04-17T17:28:25","modified_gmt":"2026-04-17T20:28:25","slug":"onde-comprar-aver","status":"publish","type":"page","link":"https:\/\/avermetais.com.br\/en\/onde-comprar-aver\/","title":{"rendered":"Where to Buy"},"content":{"rendered":"<p style=\"font-size:18px\">Onde comprar vai al\u00e9m de localiza\u00e7\u00e3o \u2014 \u00e9 sobre experi\u00eancia. A Aver Design est\u00e1 presente em uma rede de revendas oficiais cuidadosamente selecionadas, ambientes que refletem nossa est\u00e9tica, respeitam nossa curadoria de materiais nobres e sustentam o padr\u00e3o de excel\u00eancia de cada cole\u00e7\u00e3o.<\/p>\n\n\n\n<p style=\"font-size:18px\">Mais de 40 revendas no Brasil e presen\u00e7a em projetos distribu\u00eddos por tr\u00eas continentes. Cada parceiro autorizado traduz a experi\u00eancia Aver com autenticidade, refinamento e um atendimento que respeita o n\u00edvel de exig\u00eancia de quem busca mais do que um produto \u2014 busca express\u00e3o, mat\u00e9ria e perman\u00eancia.<\/p>\n\n\n\n<figure class=\"wp-block-image size-large\"><img loading=\"lazy\" decoding=\"async\" width=\"1024\" height=\"579\" src=\"http:\/\/avermetais.com.br\/wp-content\/uploads\/2023\/01\/mapa-site-1024x579.jpg\" alt=\"Onde Comprar\" class=\"wp-image-4190\" srcset=\"https:\/\/avermetais.com.br\/wp-content\/uploads\/2023\/01\/mapa-site-1024x579.jpg 1024w, https:\/\/avermetais.com.br\/wp-content\/uploads\/2023\/01\/mapa-site-300x170.jpg 300w, https:\/\/avermetais.com.br\/wp-content\/uploads\/2023\/01\/mapa-site-768x435.jpg 768w, https:\/\/avermetais.com.br\/wp-content\/uploads\/2023\/01\/mapa-site-1536x869.jpg 1536w, https:\/\/avermetais.com.br\/wp-content\/uploads\/2023\/01\/mapa-site-2048x1159.jpg 2048w, https:\/\/avermetais.com.br\/wp-content\/uploads\/2023\/01\/mapa-site-18x10.jpg 18w, https:\/\/avermetais.com.br\/wp-content\/uploads\/2023\/01\/mapa-site-600x339.jpg 600w\" sizes=\"auto, (max-width: 1024px) 100vw, 1024px\" \/><\/figure>\n\n\n\n<h2 class=\"wp-block-heading\">Retailers in Brazil<\/h2>\n\n\n\n<div style=\"height:32px\" aria-hidden=\"true\" class=\"wp-block-spacer\"><\/div>\n\n\n\n<h2 class=\"wp-block-heading\">SOUTH<\/h2>\n\n\n\n<div class=\"wp-block-columns is-layout-flex wp-container-core-columns-is-layout-9d6595d7 wp-block-columns-is-layout-flex\">\n<div class=\"wp-block-column is-layout-flow wp-block-column-is-layout-flow\">\n<p><strong>Lampad\u00e1rio<br><\/strong>Caxias do Sul &#8211; RS<br>(54) 3227-2096 I marketing@lampadarioiluminacao.com.br<\/p>\n<\/div>\n\n\n\n<div class=\"wp-block-column is-layout-flow wp-block-column-is-layout-flow\">\n<p><strong>Lampad\u00e1rio<br><\/strong>Flores da Cunha &#8211; RS<br>(54) 3292-2510 I (54) 9 9601-8880 I marketing@lampadarioiluminacao.com.br<\/p>\n<\/div>\n\n\n\n<div class=\"wp-block-column is-layout-flow wp-block-column-is-layout-flow\">\n<p><strong>Decorluz<br><\/strong>Vacaria &#8211; RS<br><a href=\"https:\/\/www.google.com\/search?gs_ssp=eJzj4tZP1zcsSTHPqigqNGC0UjWosDQ1TDUxTjM2SjKzTLVMNrcyqEhJNjJJMTc0M7MwSTVOMzXyEkhJTc4vyimtUihLTE4sykwEAMs-FSg&amp;q=decorluz+vacaria&amp;oq=decorluz&amp;gs_lcrp=EgZjaHJvbWUqDQgBEC4YrwEYxwEYgAQyCQgAEEUYORiABDINCAEQLhivARjHARiABDIJCAIQABgKGIAEMgkIAxAAGAoYgAQyCQgEEAAYChiABDIJCAUQABgKGIAEMgkIBhAAGAoYgAQyCQgHEAAYChiABDIJCAgQABgKGIAEMgkICRAAGAoYgATSAQgyOTg4ajBqN6gCALACAA&amp;sourceid=chrome&amp;ie=UTF-8#\" target=\"_blank\" rel=\"noopener\">(54) 98418-9316<\/a><\/p>\n<\/div>\n\n\n\n<div class=\"wp-block-column is-layout-flow wp-block-column-is-layout-flow\">\n<p><strong>Loom Design<br><\/strong>Santa Rosa &#8211; RS<br>(55) 3511-6681 I (55) 9 9608-2246<\/p>\n<\/div>\n<\/div>\n\n\n\n<div class=\"wp-block-columns is-layout-flex wp-container-core-columns-is-layout-9d6595d7 wp-block-columns-is-layout-flex\">\n<div class=\"wp-block-column is-layout-flow wp-block-column-is-layout-flow\">\n<p><strong>Eletro Jo<br><\/strong>Orleans &#8211; SC<br>(48) 3658-3202 I (48) 9 9187-4361<\/p>\n<\/div>\n\n\n\n<div class=\"wp-block-column is-layout-flow wp-block-column-is-layout-flow\">\n<p><strong>Luz +<br><\/strong>Crici\u00fama &#8211; SC<br>(48) 3437-4915 I (48) 9 8818-0078<\/p>\n<\/div>\n\n\n\n<div class=\"wp-block-column is-layout-flow wp-block-column-is-layout-flow\">\n<p><strong>Ouse Ilumina\u00e7\u00e3o<br><\/strong>Florian\u00f3polis &#8211; SC<br>(48) 3222-0834 I (48) 9 8865-5667 I ouse@ouse.com.br<\/p>\n<\/div>\n\n\n\n<div class=\"wp-block-column is-layout-flow wp-block-column-is-layout-flow\">\n<p><strong>Delumini<br><\/strong>Itapema &#8211; SC<br>(47) 3344-4504<\/p>\n<\/div>\n<\/div>\n\n\n\n<div class=\"wp-block-columns is-layout-flex wp-container-core-columns-is-layout-9d6595d7 wp-block-columns-is-layout-flex\">\n<div class=\"wp-block-column is-layout-flow wp-block-column-is-layout-flow\">\n<p><strong>Delumini<br><\/strong>Balne\u00e1rio Cambori\u00fa &#8211; SC<br>(47)&nbsp;3344-4504<\/p>\n<\/div>\n\n\n\n<div class=\"wp-block-column is-layout-flow wp-block-column-is-layout-flow\">\n<p><strong>Light Luz<br><\/strong>Joinville &#8211; SC<br>(47) 3027-7889 I (47) 9 9941-0024 I comercial@lightluz.com.br<\/p>\n<\/div>\n\n\n\n<div class=\"wp-block-column is-layout-flow wp-block-column-is-layout-flow\">\n<p><strong><strong>Light Luz<br><\/strong><\/strong>Jaragu\u00e1 do Sul &#8211; SC<br>(47) 3371-6704 I (47) 9 9941-0024 I comercial@lightluz.com.br<\/p>\n<\/div>\n\n\n\n<div class=\"wp-block-column is-layout-flow wp-block-column-is-layout-flow\">\n<p><strong><strong>Lumaree<br><\/strong><\/strong>Garopaba &#8211; SC<br>(48) 99127-5393 <\/p>\n<\/div>\n<\/div>\n\n\n\n<div class=\"wp-block-columns is-layout-flex wp-container-core-columns-is-layout-9d6595d7 wp-block-columns-is-layout-flex\">\n<div class=\"wp-block-column is-layout-flow wp-block-column-is-layout-flow\">\n<p><strong><strong>Lights On<br><\/strong><\/strong>Blumenau &#8211; SC<br>(47) 3329-2049 I (47) 9 9257-0837 I lightson@lightson.com.br<\/p>\n<\/div>\n\n\n\n<div class=\"wp-block-column is-layout-flow wp-block-column-is-layout-flow\">\n<p><strong>Artlumen<br><\/strong>Chapec\u00f3 \u2013 SC<br>(49) 3312-0102&nbsp;<\/p>\n<\/div>\n\n\n\n<div class=\"wp-block-column is-layout-flow wp-block-column-is-layout-flow\">\n<p><strong>Adams &amp; Adams <br><\/strong>Itajai \u2013 SC<br>(47) 99649-5098 | (47) 3021.7264 | (47) 3021.7263 | contato@adamseadams.com.br<\/p>\n<\/div>\n\n\n\n<div class=\"wp-block-column is-layout-flow wp-block-column-is-layout-flow\">\n<p><strong>Space Light<br><\/strong>Cascav\u00e9l &#8211; PR<br>(45) 3038-1703 I &nbsp;(45) 9 9987-0064 I spacelightiluminacao@gmail.com&nbsp;<\/p>\n<\/div>\n<\/div>\n\n\n\n<div class=\"wp-block-columns is-layout-flex wp-container-core-columns-is-layout-9d6595d7 wp-block-columns-is-layout-flex\">\n<div class=\"wp-block-column is-layout-flow wp-block-column-is-layout-flow\">\n<p><strong>Kelvin Light Design<br><\/strong>Maring\u00e1 &#8211; PR<br>(44) 3025-6086 I (44) 9 9831-1555 I kelvin@kelvinld.com.br<\/p>\n<\/div>\n\n\n\n<div class=\"wp-block-column is-layout-flow wp-block-column-is-layout-flow\">\n<p><strong>Lucce Ilumina\u00e7\u00e3o<br><\/strong>Curitiba &#8211; PR<br>(41) 99640-0443 I <strong>&nbsp;<\/strong><a href=\"https:\/\/www.google.com\/search?gs_ssp=eJzj4tVP1zc0LDAzNc8rsjQ3YLRSNaiwNElJTjU1MjM2sExKNE0ytDKoSEw2skhMNLM0NTQ2STVMNfUSyilNTk5VyMwpzc3MSzy8_PDifAD6Ihcq&amp;q=lucce+ilumina%C3%A7%C3%A3o&amp;oq=lucce+ilumina&amp;gs_lcrp=EgZjaHJvbWUqDQgBEC4YrwEYxwEYgAQyCggAEAAY4wIYgAQyDQgBEC4YrwEYxwEYgAQyBggCEEUYOTIICAMQABgWGB4yCggEEAAYChgWGB4yCggFEAAYgAQYogQyCggGEAAYgAQYogQyCggHEAAYogQYiQXSAQg0NTQ3ajBqN6gCALACAA&amp;sourceid=chrome&amp;ie=UTF-8#\" target=\"_blank\" rel=\"noopener\">(41) 3024-4120<\/a><\/p>\n<\/div>\n\n\n\n<div class=\"wp-block-column is-layout-flow wp-block-column-is-layout-flow\">\n<p><strong>Duo Light &amp; Design <br><\/strong>Curitiba \u2013 PR<br>(41) 3024-0417&nbsp; | (41) 3015-0415 | (41) 99990-3232<\/p>\n<\/div>\n\n\n\n<div class=\"wp-block-column is-layout-flow wp-block-column-is-layout-flow\">\n<p><strong>SB Espa\u00e7o Casa <br><\/strong>Dois Vizinhos \u2013 PR<br><a href=\"https:\/\/www.google.com\/search?q=SB+ESPA%C3%87O+CASA&amp;oq=SB+ESPA%C3%87O+CASA&amp;gs_lcrp=EgZjaHJvbWUyBggAEEUYOTIGCAEQRRg80gEIMjE4N2owajeoAgCwAgA&amp;sourceid=chrome&amp;ie=UTF-8#\" target=\"_blank\" rel=\"noopener\">(46) 98823-9100<\/a><\/p>\n<\/div>\n<\/div>\n\n\n\n<div class=\"wp-block-columns is-layout-flex wp-container-core-columns-is-layout-9d6595d7 wp-block-columns-is-layout-flex\">\n<div class=\"wp-block-column is-layout-flow wp-block-column-is-layout-flow\">\n<p><strong>Mirali Ilumina\u00e7\u00e3o<br><\/strong>Foz do Igua\u00e7u \u2013 PR<br><a href=\"https:\/\/www.google.com\/search?q=SB+ESPA%C3%87O+CASA&amp;oq=SB+ESPA%C3%87O+CASA&amp;gs_lcrp=EgZjaHJvbWUyBggAEEUYOTIGCAEQRRg80gEIMjE4N2owajeoAgCwAgA&amp;sourceid=chrome&amp;ie=UTF-8#\" target=\"_blank\" rel=\"noopener\"><\/a><a href=\"https:\/\/www.google.com\/search?gs_ssp=eJzj4tVP1zc0rEwqKSgrL8g1YLRSNaiwNEkzszQ0MDBPMjG3MDU0tjKoMDc1tkwzSTRMNbdISzE0TvUSzs0sSszJVMjMKc3NzEs8vPzw4nwAOoUYHg&amp;q=mirali+ilumina%C3%A7%C3%A3o&amp;oq=miral&amp;gs_lcrp=EgZjaHJvbWUqEggCEC4YJxivARjHARiABBiKBTIGCAAQRRg5MgoIARAuGLEDGIAEMhIIAhAuGCcYrwEYxwEYgAQYigUyBwgDEC4YgAQyBwgEEAAYgAQyBwgFEAAYgAQyBggGEEUYPDIGCAcQRRg80gEIMzEzNWowajSoAgCwAgE&amp;sourceid=chrome&amp;ie=UTF-8#\" target=\"_blank\" rel=\"noopener\">(45) 99100-2525<\/a><\/p>\n<\/div>\n\n\n\n<div class=\"wp-block-column is-layout-flow wp-block-column-is-layout-flow\">\n<p><strong>StarLuz Ilumina\u00e7\u00e3o<br><\/strong>Londrina \u2013 PR<br><a href=\"https:\/\/www.google.com\/search?q=SB+ESPA%C3%87O+CASA&amp;oq=SB+ESPA%C3%87O+CASA&amp;gs_lcrp=EgZjaHJvbWUyBggAEEUYOTIGCAEQRRg80gEIMjE4N2owajeoAgCwAgA&amp;sourceid=chrome&amp;ie=UTF-8#\" target=\"_blank\" rel=\"noopener\"><\/a><a href=\"https:\/\/www.google.com\/search?gs_ssp=eJzj4tVP1zc0rEwqKSgrL8g1YLRSNaiwNEkzszQ0MDBPMjG3MDU0tjKoMDc1tkwzSTRMNbdISzE0TvUSzs0sSszJVMjMKc3NzEs8vPzw4nwAOoUYHg&amp;q=mirali+ilumina%C3%A7%C3%A3o&amp;oq=miral&amp;gs_lcrp=EgZjaHJvbWUqEggCEC4YJxivARjHARiABBiKBTIGCAAQRRg5MgoIARAuGLEDGIAEMhIIAhAuGCcYrwEYxwEYgAQYigUyBwgDEC4YgAQyBwgEEAAYgAQyBwgFEAAYgAQyBggGEEUYPDIGCAcQRRg80gEIMzEzNWowajSoAgCwAgE&amp;sourceid=chrome&amp;ie=UTF-8#\" target=\"_blank\" rel=\"noopener\"><\/a><a href=\"https:\/\/www.google.com\/search?q=star+luz+londrina&amp;oq=&amp;gs_lcrp=EgZjaHJvbWUqBggBEEUYOzIGCAAQRRg5MgYIARBFGDsyEggCEC4YFBivARjHARiHAhiABDIRCAMQLhgKGAsYrwEYxwEYgAQyCwgEEAAYChgLGIAEMhEIBRAuGAoYCxjHARjRAxiABDILCAYQABgKGAsYgAQyCwgHEAAYChgLGIAEMgsICBAAGAoYCxiABDILCAkQABgKGAsYgATSAQg0NDcxajBqNKgCALACAQ&amp;sourceid=chrome&amp;ie=UTF-8#\" target=\"_blank\" rel=\"noopener\">(43) 3327-6660<\/a><\/p>\n<\/div>\n\n\n\n<div class=\"wp-block-column is-layout-flow wp-block-column-is-layout-flow\">\n<p><\/p>\n<\/div>\n<\/div>\n\n\n\n<div style=\"height:32px\" aria-hidden=\"true\" class=\"wp-block-spacer\"><\/div>\n\n\n\n<h2 class=\"wp-block-heading\">SOUTHEAST<\/h2>\n\n\n\n<div class=\"wp-block-columns is-layout-flex wp-container-core-columns-is-layout-9d6595d7 wp-block-columns-is-layout-flex\">\n<div class=\"wp-block-column is-layout-flow wp-block-column-is-layout-flow\">\n<p><strong>Studio Deluxe<br><\/strong>Santana do Parna\u00edba \u2013 SP<br>(11) 4195-2739 I (11) 9 7117-6178 I danifabro@studiodeluxelight.com.br<\/p>\n<\/div>\n\n\n\n<div class=\"wp-block-column is-layout-flow wp-block-column-is-layout-flow\">\n<p><strong>Vertz Ilumina\u00e7\u00e3o<br><\/strong>Campinas \u2013 SP<br>(19) 3251-0501 I vertz@vertziluminacao.com.br<\/p>\n<\/div>\n\n\n\n<div class=\"wp-block-column is-layout-flow wp-block-column-is-layout-flow\">\n<p><strong>Escrit\u00f3rio da Luz<br><\/strong>Mar\u00edlia \u2013 SP<br>(14) 3221-1871 I (14)&nbsp;9 8824-0705<\/p>\n<\/div>\n\n\n\n<div class=\"wp-block-column is-layout-flow wp-block-column-is-layout-flow\">\n<p><strong>Lupz Ilumina\u00e7\u00e3o<br><\/strong>Ara\u00e7atuba \u2013 SP<br>(18) 3625-1122 I (18)&nbsp;9 8154-2020<\/p>\n<\/div>\n<\/div>\n\n\n\n<div class=\"wp-block-columns is-layout-flex wp-container-core-columns-is-layout-9d6595d7 wp-block-columns-is-layout-flex\">\n<div class=\"wp-block-column is-layout-flow wp-block-column-is-layout-flow\">\n<p><strong>Lumen<br><\/strong>Santos \u2013 SP<br>(13) 3224-2009 I vendas@lumeniluminacao.com.br<\/p>\n<\/div>\n\n\n\n<div class=\"wp-block-column is-layout-flow wp-block-column-is-layout-flow\">\n<p><\/p>\n<\/div>\n\n\n\n<div class=\"wp-block-column is-layout-flow wp-block-column-is-layout-flow\">\n<p><\/p>\n<\/div>\n\n\n\n<div class=\"wp-block-column is-layout-flow wp-block-column-is-layout-flow\">\n<p><\/p>\n<\/div>\n<\/div>\n\n\n\n<div class=\"wp-block-columns is-layout-flex wp-container-core-columns-is-layout-9d6595d7 wp-block-columns-is-layout-flex\">\n<div class=\"wp-block-column is-layout-flow wp-block-column-is-layout-flow\">\n<p><\/p>\n<\/div>\n\n\n\n<div class=\"wp-block-column is-layout-flow wp-block-column-is-layout-flow\">\n<p><\/p>\n<\/div>\n\n\n\n<div class=\"wp-block-column is-layout-flow wp-block-column-is-layout-flow\">\n<p><\/p>\n<\/div>\n\n\n\n<div class=\"wp-block-column is-layout-flow wp-block-column-is-layout-flow\">\n<p><\/p>\n<\/div>\n<\/div>\n\n\n\n<div style=\"height:32px\" aria-hidden=\"true\" class=\"wp-block-spacer\"><\/div>\n\n\n\n<h2 class=\"wp-block-heading\">MIDWEST<\/h2>\n\n\n\n<div class=\"wp-block-columns are-vertically-aligned-center is-layout-flex wp-container-core-columns-is-layout-9d6595d7 wp-block-columns-is-layout-flex\">\n<div class=\"wp-block-column is-vertically-aligned-center is-layout-flow wp-block-column-is-layout-flow\">\n<p><strong>Cena Ilumina\u00e7\u00e3o<br><\/strong>Campo Grande \u2013 MS<br>(67) 3029-0401 I (67) 9 8111-4132 I cena@cenailuminacao.com.br <\/p>\n<\/div>\n\n\n\n<div class=\"wp-block-column is-vertically-aligned-center is-layout-flow wp-block-column-is-layout-flow\">\n<p><strong>Vella Ilumina\u00e7\u00e3o<br><\/strong>Dourados &#8211; MS<br><a href=\"https:\/\/www.google.com\/search?q=vella+ilumina%C3%A7%C3%A3o+dourados&amp;oq=vella+&amp;gs_lcrp=EgZjaHJvbWUqBggBECMYJzIGCAAQRRg5MgYIARAjGCcyDQgCEC4YrwEYxwEYgAQyDAgDEAAYChixAxiABDIMCAQQABgKGLEDGIAEMgwIBRAAGAoYsQMYgAQyDAgGEAAYChixAxiABDISCAcQLhgKGMcBGLEDGNEDGIAEMgkICBAAGAoYgAQyCQgJEAAYChiABNIBCDMxMjZqMGo3qAIAsAIA&amp;sourceid=chrome&amp;ie=UTF-8#\" target=\"_blank\" rel=\"noopener\">(67) 3033-0800<\/a><\/p>\n<\/div>\n\n\n\n<div class=\"wp-block-column is-vertically-aligned-center is-layout-flow wp-block-column-is-layout-flow\">\n<p><strong>Conceito e Luz<br><\/strong>Cuiab\u00e1 \u2013 MT<br>(65) 3054-0004 I (65) 9 9968-5177<\/p>\n<\/div>\n\n\n\n<div class=\"wp-block-column is-vertically-aligned-center is-layout-flow wp-block-column-is-layout-flow\">\n<p><strong>Oluz por Rovaris                                                                                      <br><\/strong>Sorriso \u2013 MT<br>(66) 3545-6908 | consultoraoluzsorriso01@gmail.com<\/p>\n<\/div>\n<\/div>\n\n\n\n<div class=\"wp-block-columns are-vertically-aligned-center is-layout-flex wp-container-core-columns-is-layout-9d6595d7 wp-block-columns-is-layout-flex\">\n<div class=\"wp-block-column is-layout-flow wp-block-column-is-layout-flow\">\n<p><strong><strong>Oluz por Rovaris<\/strong><\/strong>                                                           Sinop \u2013 MT<br>(66) 99661-6434 | consultoraoluzsinop01@gmail.com<\/p>\n<\/div>\n\n\n\n<div class=\"wp-block-column is-layout-flow wp-block-column-is-layout-flow\">\n<p><strong><strong>Oluz por Rovaris<\/strong><\/strong>                                                     Lucas do Rio Verde \u2013 MT<br>(65) 99906-7410 I consultoraoluzlrv01@gmail.com<\/p>\n<\/div>\n\n\n\n<div class=\"wp-block-column is-layout-flow wp-block-column-is-layout-flow\">\n<p><strong><strong>Oluz por Rovaris<\/strong><\/strong>                                                                Nova Mutum \u2013 MT<br>(65) 99677-5755 I consultoraoluzmutum01@gmail.com<\/p>\n<\/div>\n\n\n\n<div class=\"wp-block-column is-layout-flow wp-block-column-is-layout-flow\">\n<p><strong>Illuminato Conceito<br><\/strong>Goi\u00e2nia \u2013 GO<br>(62) 3216-3700 I contato@illuminatoconceito.com.br<\/p>\n<\/div>\n<\/div>\n\n\n\n<div class=\"wp-block-columns is-layout-flex wp-container-core-columns-is-layout-9d6595d7 wp-block-columns-is-layout-flex\">\n<div class=\"wp-block-column is-layout-flow wp-block-column-is-layout-flow\">\n<p><strong>Ilumine Home <br><\/strong>Goi\u00e2nia &#8211; GO<br>(62) 98545-0686 <a href=\"mailto:administrativo@iluminehome.com.br\">Comercial@iluminehome.com<\/a><\/p>\n<\/div>\n\n\n\n<div class=\"wp-block-column is-layout-flow wp-block-column-is-layout-flow\">\n<p><strong>Lumi Ilumina\u00e7\u00e3o<br><\/strong>Brasilia &#8211; DF<br>(61) 3044-6769 I (61) 9 9848-6003<\/p>\n<\/div>\n\n\n\n<div class=\"wp-block-column is-layout-flow wp-block-column-is-layout-flow\">\n<p><\/p>\n<\/div>\n\n\n\n<div class=\"wp-block-column is-layout-flow wp-block-column-is-layout-flow\">\n<p><\/p>\n<\/div>\n<\/div>\n\n\n\n<div class=\"wp-block-columns is-layout-flex wp-container-core-columns-is-layout-9d6595d7 wp-block-columns-is-layout-flex\">\n<div class=\"wp-block-column is-vertically-aligned-center is-layout-flow wp-block-column-is-layout-flow\" style=\"flex-basis:100%\">\n<div class=\"wp-block-group\"><div class=\"wp-block-group__inner-container is-layout-constrained wp-block-group-is-layout-constrained\">\n<div class=\"wp-block-columns is-layout-flex wp-container-core-columns-is-layout-9d6595d7 wp-block-columns-is-layout-flex\">\n<div class=\"wp-block-column is-layout-flow wp-block-column-is-layout-flow\">\n<div class=\"wp-block-columns is-layout-flex wp-container-core-columns-is-layout-9d6595d7 wp-block-columns-is-layout-flex\">\n<div class=\"wp-block-column is-layout-flow wp-block-column-is-layout-flow\">\n<p><\/p>\n<\/div>\n\n\n\n<div class=\"wp-block-column is-layout-flow wp-block-column-is-layout-flow\">\n<p><\/p>\n<\/div>\n<\/div>\n<\/div>\n\n\n\n<div class=\"wp-block-column is-layout-flow wp-block-column-is-layout-flow\"><\/div>\n<\/div>\n<\/div><\/div>\n<\/div>\n<\/div>\n\n\n\n<h2 class=\"wp-block-heading\">NORTH EAST<\/h2>\n\n\n\n<div class=\"wp-block-columns is-layout-flex wp-container-core-columns-is-layout-9d6595d7 wp-block-columns-is-layout-flex\">\n<div class=\"wp-block-column is-layout-flow wp-block-column-is-layout-flow\">\n<p><strong>Omni Light<br><\/strong>Salvador \u2013 BA<br>(71) 3271-2264 I (71) 9 8139-0978 <\/p>\n<\/div>\n\n\n\n<div class=\"wp-block-column is-layout-flow wp-block-column-is-layout-flow\">\n<p><strong>Via Millano<br><\/strong>Aracaj\u00fa \u2013 SE<br>(79) 3021-2020 I (79) 9 8831-3167 I (79) 9 8831-3167<\/p>\n<\/div>\n\n\n\n<div class=\"wp-block-column is-layout-flow wp-block-column-is-layout-flow\">\n<p><strong>Lumina<\/strong><br>Macei\u00f3 \u2013 AL<br>(82) 3327-7200 I (82) 9 8836-4415 I contato@lumina.com.vc<\/p>\n<\/div>\n\n\n\n<div class=\"wp-block-column is-layout-flow wp-block-column-is-layout-flow\">\n<p><strong>Stiluz<br><\/strong>Jo\u00e3o Pessoa \u2013 PB<br>(83) 3244-4951 I (83) 9&nbsp;8835-3761<\/p>\n<\/div>\n<\/div>\n\n\n\n<div class=\"wp-block-columns is-layout-flex wp-container-core-columns-is-layout-9d6595d7 wp-block-columns-is-layout-flex\">\n<div class=\"wp-block-column is-layout-flow wp-block-column-is-layout-flow\">\n<p><strong>Luzzare<\/strong><br>S\u00e3o Luiz &#8211; MA<br>(98) 3303-9666 I (98) 9 9217-2214 I contato@luzzare.com.br<\/p>\n<\/div>\n\n\n\n<div class=\"wp-block-column is-layout-flow wp-block-column-is-layout-flow\">\n<p><\/p>\n<\/div>\n\n\n\n<div class=\"wp-block-column is-layout-flow wp-block-column-is-layout-flow\">\n<p><\/p>\n<\/div>\n\n\n\n<div class=\"wp-block-column is-layout-flow wp-block-column-is-layout-flow\">\n<p><\/p>\n<\/div>\n<\/div>\n\n\n\n<div class=\"wp-block-columns is-layout-flex wp-container-core-columns-is-layout-9d6595d7 wp-block-columns-is-layout-flex\">\n<div class=\"wp-block-column is-layout-flow wp-block-column-is-layout-flow\"><\/div>\n\n\n\n<div class=\"wp-block-column is-layout-flow wp-block-column-is-layout-flow\"><\/div>\n\n\n\n<div class=\"wp-block-column is-layout-flow wp-block-column-is-layout-flow\"><\/div>\n<\/div>\n\n\n\n<div style=\"height:32px\" aria-hidden=\"true\" class=\"wp-block-spacer\"><\/div>\n\n\n\n<h2 class=\"wp-block-heading\">NORTH<\/h2>\n\n\n\n<div class=\"wp-block-columns is-layout-flex wp-container-core-columns-is-layout-9d6595d7 wp-block-columns-is-layout-flex\">\n<div class=\"wp-block-column is-layout-flow wp-block-column-is-layout-flow\">\n<p><strong>Adhara<\/strong><br>Palmas \u2013 TO<br>(63) 3228-5151 I \u2063(63) 9 9950-5151 <\/p>\n<\/div>\n\n\n\n<div class=\"wp-block-column is-layout-flow wp-block-column-is-layout-flow\">\n<p><strong>Be Light<\/strong><br>Rio Branco &#8211; AC<br>(68) 9917-1818 <\/p>\n<\/div>\n\n\n\n<div class=\"wp-block-column is-layout-flow wp-block-column-is-layout-flow\">\n<p><strong>Be Light<br><\/strong>Porto Velho \u2013 RO<br>(69) 99212-1088<\/p>\n<\/div>\n\n\n\n<div class=\"wp-block-column is-layout-flow wp-block-column-is-layout-flow\">\n<p><strong>Design da Luz<br><\/strong>Bel\u00e9m &#8211; PA<br>(91)  2131-3144<\/p>\n<\/div>\n<\/div>\n\n\n\n<div class=\"wp-block-columns is-layout-flex wp-container-core-columns-is-layout-9d6595d7 wp-block-columns-is-layout-flex\">\n<div class=\"wp-block-column is-layout-flow wp-block-column-is-layout-flow\">\n<p><strong>Highlights Ilumina\u00e7\u00e3o<\/strong><br>Manaus \u2013 AM<br><a href=\"https:\/\/www.google.com\/search?gs_ssp=eJzj4tZP1zcsycgrKMtJM2C0UjWosDQySzYwNTNPNLQwSDJPtbQyqEgySrVItExNNk9LTTYzSDH2Es_ITM_IAeKSYoXMnNLczLzEw8sPL84HAIofGf4&amp;q=highlights+ilumina%C3%A7%C3%A3o&amp;oq=highlights+ilumin&amp;gs_lcrp=EgZjaHJvbWUqDQgBEC4YrwEYxwEYgAQyBggAEEUYOTINCAEQLhivARjHARiABDIICAIQABgWGB4yCAgDEAAYFhgeMgoIBBAAGIAEGKIEMgoIBRAAGIAEGKIEMgoIBhAAGIAEGKIEMgoIBxAAGIAEGKIEMgoICBAAGIAEGKIE0gEIOTQxNmowajeoAgCwAgA&amp;sourceid=chrome&amp;ie=UTF-8#\" target=\"_blank\" rel=\"noopener\">(92) 3233-1084<\/a><\/p>\n<\/div>\n\n\n\n<div class=\"wp-block-column is-layout-flow wp-block-column-is-layout-flow\">\n<p><\/p>\n<\/div>\n\n\n\n<div class=\"wp-block-column is-layout-flow wp-block-column-is-layout-flow\">\n<p><\/p>\n<\/div>\n\n\n\n<div class=\"wp-block-column is-layout-flow wp-block-column-is-layout-flow\">\n<p><\/p>\n<\/div>\n<\/div>\n\n\n\n<p class=\"has-small-font-size\">*Em caso de d\u00favidas, entre em <a href=\"https:\/\/avermetais.com.br\/en\/contato\/\" data-type=\"link\" data-id=\"https:\/\/avermetais.com.br\/contato\/\">contato conosco.<\/a><\/p>\n\n\n\n<div class=\"wp-block-group\"><div class=\"wp-block-group__inner-container is-layout-flow wp-block-group-is-layout-flow\">\n<div class=\"wp-block-columns is-layout-flex wp-container-core-columns-is-layout-9d6595d7 wp-block-columns-is-layout-flex\">\n<div class=\"wp-block-column is-layout-flow wp-block-column-is-layout-flow\" style=\"flex-basis:100%\">\n<div class=\"wp-block-group\"><div class=\"wp-block-group__inner-container is-layout-flow wp-block-group-is-layout-flow\"><\/div><\/div>\n<\/div>\n<\/div>\n<\/div><\/div>\n\n\n\n<p><\/p>","protected":false},"excerpt":{"rendered":"<p>Onde comprar vai al\u00e9m de localiza\u00e7\u00e3o \u2014 \u00e9 sobre experi\u00eancia. A Aver Design est\u00e1 presente em uma rede de revendas oficiais cuidadosamente selecionadas, ambientes que refletem nossa est\u00e9tica, respeitam nossa [&hellip;]<\/p>\n","protected":false},"author":4,"featured_media":0,"parent":0,"menu_order":0,"comment_status":"closed","ping_status":"closed","template":"","meta":{"_acf_changed":false,"footnotes":""},"class_list":["post-39","page","type-page","status-publish","hentry"],"acf":[],"_links":{"self":[{"href":"https:\/\/avermetais.com.br\/en\/wp-json\/wp\/v2\/pages\/39","targetHints":{"allow":["GET"]}}],"collection":[{"href":"https:\/\/avermetais.com.br\/en\/wp-json\/wp\/v2\/pages"}],"about":[{"href":"https:\/\/avermetais.com.br\/en\/wp-json\/wp\/v2\/types\/page"}],"author":[{"embeddable":true,"href":"https:\/\/avermetais.com.br\/en\/wp-json\/wp\/v2\/users\/4"}],"replies":[{"embeddable":true,"href":"https:\/\/avermetais.com.br\/en\/wp-json\/wp\/v2\/comments?post=39"}],"version-history":[{"count":94,"href":"https:\/\/avermetais.com.br\/en\/wp-json\/wp\/v2\/pages\/39\/revisions"}],"predecessor-version":[{"id":6967,"href":"https:\/\/avermetais.com.br\/en\/wp-json\/wp\/v2\/pages\/39\/revisions\/6967"}],"wp:attachment":[{"href":"https:\/\/avermetais.com.br\/en\/wp-json\/wp\/v2\/media?parent=39"}],"curies":[{"name":"wp","href":"https:\/\/api.w.org\/{rel}","templated":true}]}}