{"id":48,"date":"2020-03-06T10:47:43","date_gmt":"2020-03-06T13:47:43","guid":{"rendered":"http:\/\/trine.com.br\/loja\/?page_id=48"},"modified":"2026-04-17T17:34:42","modified_gmt":"2026-04-17T20:34:42","slug":"sobre","status":"publish","type":"page","link":"https:\/\/avermetais.com.br\/en\/sobre\/","title":{"rendered":"About"},"content":{"rendered":"<p>Aver Design - When art meets light<\/p>\n\n\n\n<div style=\"height:18px\" aria-hidden=\"true\" class=\"wp-block-spacer\"><\/div>\n\n\n\n<p class=\"has-text-align-left\">Jefferson Aver is the creative force behind Aver Design, a studio driven by material research and continuous experimentation. His work explores the intrinsic nature of matter, transforming it into lighting and sculptural objects that exist at the threshold between art and design.<\/p>\n\n\n\n<div style=\"height:26px\" aria-hidden=\"true\" class=\"wp-block-spacer\"><\/div>\n\n\n\n<p>Deeply connected to brazilian landscape, the practice engages deeply with local resources, particularly natural stones such as quartz and selenite, allowing their origin, structure and imperfections to guide the creative process. Each piece emerges from an intimate dialogue with the material, where form is not imposed, but revealed.<\/p>\n\n\n\n<div style=\"height:26px\" aria-hidden=\"true\" class=\"wp-block-spacer\"><\/div>\n\n\n\n<p>The studio develops its work from the inside out, investigating and redefining production processes through direct engagement with raw matter. This approach often leads to unconventional techniques, where experimentation becomes inseparable from creation. Observation of nature, its formations, balances and silent logic informs a contemplative and introspective methodology.<\/p>\n\n\n\n<div style=\"height:64px\" aria-hidden=\"true\" class=\"wp-block-spacer\"><\/div>\n\n\n\n<figure class=\"wp-block-video\"><video height=\"720\" style=\"aspect-ratio: 1280 \/ 720;\" width=\"1280\" autoplay controls loop src=\"https:\/\/avermetais.com.br\/wp-content\/uploads\/2026\/03\/video-aver-online-video-cutter.com-2.mp4\"><\/video><\/figure>\n\n\n\n<div style=\"height:64px\" aria-hidden=\"true\" class=\"wp-block-spacer\"><\/div>\n\n\n\n<p>Working with mineral materials requires a continuous involvement with their source. From extraction to transformation, the process is approached with attention to environmental responsibility and a deep respect for the knowledge embedded in artisanal practices.<\/p>\n\n\n\n<div style=\"height:26px\" aria-hidden=\"true\" class=\"wp-block-spacer\"><\/div>\n\n\n\n<p>Based in Caxias do Sul, in southern Brazil, the studio brings together a multidisciplinary team of artisans and specialists. All pieces are conceived and produced in-house, through a combination of metalwork, ceramics, painting and sculpture. This meticulous, small-scale production ensures precision, consistency and a strong sculptural presence.<\/p>\n\n\n\n<div style=\"height:26px\" aria-hidden=\"true\" class=\"wp-block-spacer\"><\/div>\n\n\n\n<p class=\"has-text-align-left\">We currently market the brand in <a href=\"https:\/\/avermetais.com.br\/en\/onde-comprar-revendas-aver\/\">lighting boutiques<\/a> in all regions of Brazil. We are present in many projects by prestigious professionals in the architecture and interiors market. We also have a strong international presence, with projects carried out in a long list of countries: the United States, Mexico, England, Spain, Portugal, Germany, Wales, Latvia, Georgia, Kazakhstan, Saudi Arabia, the United Arab Emirates, the Philippines, Peru and Bolivia.<\/p>\n\n\n\n<div style=\"height:93px\" aria-hidden=\"true\" class=\"wp-block-spacer\"><\/div>\n\n\n\n<figure class=\"wp-block-gallery has-nested-images columns-default is-cropped wp-block-gallery-1 is-layout-flex wp-block-gallery-is-layout-flex\">\n<figure class=\"wp-block-image size-large\"><img loading=\"lazy\" decoding=\"async\" width=\"2560\" height=\"1704\" data-id=\"4521\" src=\"http:\/\/avermetais.com.br\/wp-content\/uploads\/2023\/03\/ALE_8015-preto-e-branco-7-2560x1704.png\" alt=\"Sobre\" class=\"wp-image-4521\" srcset=\"https:\/\/avermetais.com.br\/wp-content\/uploads\/2023\/03\/ALE_8015-preto-e-branco-7-2560x1704.png 2560w, https:\/\/avermetais.com.br\/wp-content\/uploads\/2023\/03\/ALE_8015-preto-e-branco-7-300x200.png 300w, https:\/\/avermetais.com.br\/wp-content\/uploads\/2023\/03\/ALE_8015-preto-e-branco-7-768x511.png 768w, https:\/\/avermetais.com.br\/wp-content\/uploads\/2023\/03\/ALE_8015-preto-e-branco-7-1536x1022.png 1536w, https:\/\/avermetais.com.br\/wp-content\/uploads\/2023\/03\/ALE_8015-preto-e-branco-7-2048x1363.png 2048w, https:\/\/avermetais.com.br\/wp-content\/uploads\/2023\/03\/ALE_8015-preto-e-branco-7-18x12.png 18w, https:\/\/avermetais.com.br\/wp-content\/uploads\/2023\/03\/ALE_8015-preto-e-branco-7-600x399.png 600w\" sizes=\"auto, (max-width: 2560px) 100vw, 2560px\" \/><\/figure>\n<\/figure>\n\n\n\n<h3 class=\"wp-block-heading has-small-font-size\"><strong><a href=\"https:\/\/avermetais.com.br\/en\/sobre\/\">about aver design<\/a><\/strong><\/h3>\n\n\n\n<div style=\"height:66px\" aria-hidden=\"true\" class=\"wp-block-spacer\"><\/div>\n\n\n\n<p class=\"has-text-align-center\">FOR GENERAL INQUIRES PLEASE REACH OUT<\/p>\n\n\n\n<h3 class=\"wp-block-heading has-text-align-center maior\"><a href=\"mailto:vendas@avermetais.com.br\">vendas@avermetais.com.br<\/a><\/h3>\n\n\n\n<p><\/p>","protected":false},"excerpt":{"rendered":"<p>Aver Design \u2013 When art meets light Jefferson Aver \u00e9 a for\u00e7a criativa por tr\u00e1s da Aver Design, um est\u00fadio orientado pela pesquisa de materiais e pela experimenta\u00e7\u00e3o cont\u00ednua. Seu [&hellip;]<\/p>\n","protected":false},"author":1,"featured_media":0,"parent":0,"menu_order":0,"comment_status":"closed","ping_status":"closed","template":"page-sobre.php","meta":{"_acf_changed":false,"footnotes":""},"class_list":["post-48","page","type-page","status-publish","hentry"],"acf":[],"_links":{"self":[{"href":"https:\/\/avermetais.com.br\/en\/wp-json\/wp\/v2\/pages\/48","targetHints":{"allow":["GET"]}}],"collection":[{"href":"https:\/\/avermetais.com.br\/en\/wp-json\/wp\/v2\/pages"}],"about":[{"href":"https:\/\/avermetais.com.br\/en\/wp-json\/wp\/v2\/types\/page"}],"author":[{"embeddable":true,"href":"https:\/\/avermetais.com.br\/en\/wp-json\/wp\/v2\/users\/1"}],"replies":[{"embeddable":true,"href":"https:\/\/avermetais.com.br\/en\/wp-json\/wp\/v2\/comments?post=48"}],"version-history":[{"count":78,"href":"https:\/\/avermetais.com.br\/en\/wp-json\/wp\/v2\/pages\/48\/revisions"}],"predecessor-version":[{"id":6971,"href":"https:\/\/avermetais.com.br\/en\/wp-json\/wp\/v2\/pages\/48\/revisions\/6971"}],"wp:attachment":[{"href":"https:\/\/avermetais.com.br\/en\/wp-json\/wp\/v2\/media?parent=48"}],"curies":[{"name":"wp","href":"https:\/\/api.w.org\/{rel}","templated":true}]}}