{"id":5,"date":"2020-03-02T08:26:44","date_gmt":"2020-03-02T11:26:44","guid":{"rendered":"http:\/\/trine.com.br\/loja\/?page_id=5"},"modified":"2026-04-08T16:44:54","modified_gmt":"2026-04-08T19:44:54","slug":"home","status":"publish","type":"page","link":"https:\/\/avermetais.com.br\/en\/","title":{"rendered":"Aver Design | F\u00e1brica de Ilumina\u00e7\u00e3o Decorativa em Rocha Natural"},"content":{"rendered":"<p><\/p>\n\n\n\n<p>A Aver Design \u00e9 um studio de ilumina\u00e7\u00e3o decorativa em rocha natural com quartzo, selenita, cer\u00e2mica e acabamentos folheados a ouro e prata para projetos de alto padr\u00e3o. <\/p>\n\n\n\n<div class=\"wp-block-columns is-layout-flex wp-container-core-columns-is-layout-9d6595d7 wp-block-columns-is-layout-flex\">\n<div class=\"wp-block-column is-layout-flow wp-block-column-is-layout-flow\">\n<figure class=\"wp-block-image size-full\"><img loading=\"lazy\" decoding=\"async\" width=\"1000\" height=\"1000\" src=\"http:\/\/avermetais.com.br\/wp-content\/uploads\/2026\/03\/PHAROS-WALL-V-1.jpeg\" alt=\"Arandela em rocha natural lapidada. Quartzo Branco. Selenita.\" class=\"wp-image-6804\" srcset=\"https:\/\/avermetais.com.br\/wp-content\/uploads\/2026\/03\/PHAROS-WALL-V-1.jpeg 1000w, https:\/\/avermetais.com.br\/wp-content\/uploads\/2026\/03\/PHAROS-WALL-V-1-300x300.jpeg 300w, https:\/\/avermetais.com.br\/wp-content\/uploads\/2026\/03\/PHAROS-WALL-V-1-150x150.jpeg 150w, https:\/\/avermetais.com.br\/wp-content\/uploads\/2026\/03\/PHAROS-WALL-V-1-768x768.jpeg 768w, https:\/\/avermetais.com.br\/wp-content\/uploads\/2026\/03\/PHAROS-WALL-V-1-600x600.jpeg 600w, https:\/\/avermetais.com.br\/wp-content\/uploads\/2026\/03\/PHAROS-WALL-V-1-100x100.jpeg 100w\" sizes=\"auto, (max-width: 1000px) 100vw, 1000px\" \/><\/figure>\n<\/div>\n\n\n\n<div class=\"wp-block-column is-layout-flow wp-block-column-is-layout-flow\">\n<figure class=\"wp-block-image size-full\"><img loading=\"lazy\" decoding=\"async\" width=\"1000\" height=\"1000\" src=\"http:\/\/avermetais.com.br\/wp-content\/uploads\/2026\/03\/PHAROS-WALL-I-4.jpeg\" alt=\"Arandela em rocha natural lapidada. Quartzo Branco. Selenita. Folheado Prata envelhecido.\" class=\"wp-image-6795\" srcset=\"https:\/\/avermetais.com.br\/wp-content\/uploads\/2026\/03\/PHAROS-WALL-I-4.jpeg 1000w, https:\/\/avermetais.com.br\/wp-content\/uploads\/2026\/03\/PHAROS-WALL-I-4-300x300.jpeg 300w, https:\/\/avermetais.com.br\/wp-content\/uploads\/2026\/03\/PHAROS-WALL-I-4-150x150.jpeg 150w, https:\/\/avermetais.com.br\/wp-content\/uploads\/2026\/03\/PHAROS-WALL-I-4-768x768.jpeg 768w, https:\/\/avermetais.com.br\/wp-content\/uploads\/2026\/03\/PHAROS-WALL-I-4-600x600.jpeg 600w, https:\/\/avermetais.com.br\/wp-content\/uploads\/2026\/03\/PHAROS-WALL-I-4-100x100.jpeg 100w\" sizes=\"auto, (max-width: 1000px) 100vw, 1000px\" \/><\/figure>\n<\/div>\n<\/div>\n\n\n\n<figure class=\"wp-block-image size-full\"><img loading=\"lazy\" decoding=\"async\" width=\"1000\" height=\"1000\" src=\"http:\/\/avermetais.com.br\/wp-content\/uploads\/2026\/02\/Candela-Wall-III-4.jpg\" alt=\"Aver Design | F\u00e1brica de Ilumina\u00e7\u00e3o Decorativa em Rocha Natural\" class=\"wp-image-6723\" srcset=\"https:\/\/avermetais.com.br\/wp-content\/uploads\/2026\/02\/Candela-Wall-III-4.jpg 1000w, https:\/\/avermetais.com.br\/wp-content\/uploads\/2026\/02\/Candela-Wall-III-4-300x300.jpg 300w, https:\/\/avermetais.com.br\/wp-content\/uploads\/2026\/02\/Candela-Wall-III-4-150x150.jpg 150w, https:\/\/avermetais.com.br\/wp-content\/uploads\/2026\/02\/Candela-Wall-III-4-768x768.jpg 768w, https:\/\/avermetais.com.br\/wp-content\/uploads\/2026\/02\/Candela-Wall-III-4-600x600.jpg 600w, https:\/\/avermetais.com.br\/wp-content\/uploads\/2026\/02\/Candela-Wall-III-4-100x100.jpg 100w\" sizes=\"auto, (max-width: 1000px) 100vw, 1000px\" \/><\/figure>\n\n\n\n<div class=\"wp-block-columns is-layout-flex wp-container-core-columns-is-layout-9d6595d7 wp-block-columns-is-layout-flex\">\n<div class=\"wp-block-column is-layout-flow wp-block-column-is-layout-flow\"><\/div>\n\n\n\n<div class=\"wp-block-column is-layout-flow wp-block-column-is-layout-flow\"><\/div>\n<\/div>\n\n\n\n<h6 class=\"wp-block-heading\"><a href=\"https:\/\/avermetais.com.br\/en\/\" data-type=\"page\" data-id=\"5\">Aver Design | F\u00e1brica de Ilumina\u00e7\u00e3o Decorativa em Rocha Natural<\/a><\/h6>\n\n\n\n<p><\/p>","protected":false},"excerpt":{"rendered":"<p>A Aver Design \u00e9 um studio de ilumina\u00e7\u00e3o decorativa em rocha natural com quartzo, selenita, cer\u00e2mica e acabamentos folheados a ouro e prata para projetos de alto padr\u00e3o. Aver Design [&hellip;]<\/p>\n","protected":false},"author":1,"featured_media":0,"parent":0,"menu_order":0,"comment_status":"closed","ping_status":"closed","template":"front-page.php","meta":{"_acf_changed":false,"footnotes":""},"class_list":["post-5","page","type-page","status-publish","hentry"],"acf":[],"_links":{"self":[{"href":"https:\/\/avermetais.com.br\/en\/wp-json\/wp\/v2\/pages\/5","targetHints":{"allow":["GET"]}}],"collection":[{"href":"https:\/\/avermetais.com.br\/en\/wp-json\/wp\/v2\/pages"}],"about":[{"href":"https:\/\/avermetais.com.br\/en\/wp-json\/wp\/v2\/types\/page"}],"author":[{"embeddable":true,"href":"https:\/\/avermetais.com.br\/en\/wp-json\/wp\/v2\/users\/1"}],"replies":[{"embeddable":true,"href":"https:\/\/avermetais.com.br\/en\/wp-json\/wp\/v2\/comments?post=5"}],"version-history":[{"count":64,"href":"https:\/\/avermetais.com.br\/en\/wp-json\/wp\/v2\/pages\/5\/revisions"}],"predecessor-version":[{"id":6905,"href":"https:\/\/avermetais.com.br\/en\/wp-json\/wp\/v2\/pages\/5\/revisions\/6905"}],"wp:attachment":[{"href":"https:\/\/avermetais.com.br\/en\/wp-json\/wp\/v2\/media?parent=5"}],"curies":[{"name":"wp","href":"https:\/\/api.w.org\/{rel}","templated":true}]}}