{"id":5006,"date":"2023-09-12T17:21:08","date_gmt":"2023-09-12T20:21:08","guid":{"rendered":"http:\/\/avermetais.com.br\/?page_id=5006"},"modified":"2026-03-20T10:19:14","modified_gmt":"2026-03-20T13:19:14","slug":"videos","status":"publish","type":"page","link":"https:\/\/avermetais.com.br\/en\/videos\/","title":{"rendered":"Videos"},"content":{"rendered":"<p style=\"font-size:18px\">The videos of the AVER DESIGN collections reveal the essence of each piece in motion: the light that transforms, the sparkle of rock crystal, and the sophistication of noble metals. A selection crafted for professionals seeking authentic exclusivity in their projects.<\/p>\n\n\n\n<div style=\"height:48px\" aria-hidden=\"true\" class=\"wp-block-spacer\"><\/div>\n\n\n\n<div class=\"wp-block-media-text alignwide is-stacked-on-mobile\" style=\"grid-template-columns:45% auto\"><figure class=\"wp-block-media-text__media\"><video controls src=\"http:\/\/avermetais.com.br\/wp-content\/uploads\/2024\/06\/video-site-.mp4\"><\/video><\/figure><div class=\"wp-block-media-text__content\">\n<p><strong><a href=\"https:\/\/avermetais.com.br\/en\/?s=winter\">Winter Collection<\/a><\/strong><\/p>\n\n\n\n<p>The collection aims to convey a language of bare branches, inspired by the bucolic landscapes of autumn and winter in the Serra Ga\u00facha. Its slender, curving structure comes to life with a small light source composed of natural quartz tips.<\/p>\n<\/div><\/div>\n\n\n\n<div style=\"height:100px\" aria-hidden=\"true\" class=\"wp-block-spacer\"><\/div>\n\n\n\n<div class=\"wp-block-media-text alignwide is-stacked-on-mobile\" style=\"grid-template-columns:45% auto\"><figure class=\"wp-block-media-text__media\"><video controls src=\"http:\/\/avermetais.com.br\/wp-content\/uploads\/2023\/07\/Aver-Design-Externo-Youtube-1.mp4\"><\/video><\/figure><div class=\"wp-block-media-text__content\">\n<p><strong><a href=\"https:\/\/avermetais.com.br\/en\/?s=etruscan\">Etruscan Collection<\/a><\/strong><\/p>\n\n\n\n<p>Etruscan is a series of luminaires shaped in a living, imperfect, and organic ceramic texture, in contrast to the slender, precise silhouette of its structure. Its light source consists of a sculptural formation of translucent quartz tips, emitting a warm and inviting glow. The collection is named in homage to the Etruscan civilization, which thrived on the Italian peninsula and is renowned for its masterful work in ceramics, bronze, and precious stones.<\/p>\n<\/div><\/div>\n\n\n\n<div style=\"height:134px\" aria-hidden=\"true\" class=\"wp-block-spacer\"><\/div>\n\n\n\n<div class=\"wp-block-media-text alignwide is-stacked-on-mobile\" style=\"grid-template-columns:45% auto\"><figure class=\"wp-block-media-text__media\"><video controls src=\"http:\/\/avermetais.com.br\/wp-content\/uploads\/2023\/05\/VIDEO-LUSTRE-1-ESTUDIO.mp4\"><\/video><\/figure><div class=\"wp-block-media-text__content\">\n<p><strong><a href=\"https:\/\/avermetais.com.br\/en\/?s=hampton\">Hampton Collection<\/a><\/strong><\/p>\n\n\n\n<p>The Hampton collection uses the ceramic texture techniques developed by Aver involving the elegant structure of straight lines that support a selenite diffuser that, when illuminated, accentuates the effect of geological formations of the selenite.<\/p>\n<\/div><\/div>\n\n\n\n<div class=\"wp-block-columns is-layout-flex wp-container-core-columns-is-layout-9d6595d7 wp-block-columns-is-layout-flex\">\n<div class=\"wp-block-column is-layout-flow wp-block-column-is-layout-flow\">\n<div style=\"height:113px\" aria-hidden=\"true\" class=\"wp-block-spacer\"><\/div>\n<\/div>\n<\/div>\n\n\n\n<div class=\"wp-block-media-text alignwide is-stacked-on-mobile\" style=\"grid-template-columns:45% auto\"><figure class=\"wp-block-media-text__media\"><video controls src=\"http:\/\/avermetais.com.br\/wp-content\/uploads\/2023\/04\/Video-do-WhatsApp-de-2023-04-24-as-15.37.13.mp4\"><\/video><\/figure><div class=\"wp-block-media-text__content\">\n<p><strong><a href=\"https:\/\/avermetais.com.br\/en\/?s=carved\">Carved collection<\/a><\/strong><\/p>\n\n\n\n<p>Carved is a series of linear and minimalist luminaires created to be preferably used in sets creating a shoal effect. It has a fine line of translucent quartz points covered by a delicate ceramic hand carved in an elegant way by our artisans.<\/p>\n<\/div><\/div>\n\n\n\n<div style=\"height:107px\" aria-hidden=\"true\" class=\"wp-block-spacer\"><\/div>\n\n\n\n<div class=\"wp-block-media-text alignwide is-stacked-on-mobile\" style=\"grid-template-columns:45% auto\"><figure class=\"wp-block-media-text__media\"><video controls src=\"http:\/\/avermetais.com.br\/wp-content\/uploads\/2023\/04\/martina.mp4\"><\/video><\/figure><div class=\"wp-block-media-text__content\">\n<p><strong><a href=\"https:\/\/avermetais.com.br\/en\/?s=martina\">Martina collection <\/a><\/strong><\/p>\n\n\n\n<p>Launched in 2023, the Martina collection deepens and evolves the Selenite techniques previously developed in the Drum collection, while also taking a leap in the exploration of material. The ceramic textures, in turn, expand the repertoire of experimentation, resulting in pieces that blend a classic appearance with a contemporary aesthetic.<\/p>\n<\/div><\/div>\n\n\n\n<div style=\"height:117px\" aria-hidden=\"true\" class=\"wp-block-spacer\"><\/div>\n\n\n\n<div class=\"wp-block-media-text alignwide is-stacked-on-mobile\" style=\"grid-template-columns:45% auto\"><figure class=\"wp-block-media-text__media\"><video controls src=\"http:\/\/avermetais.com.br\/wp-content\/uploads\/2023\/04\/grand-casablanca.mp4\"><\/video><\/figure><div class=\"wp-block-media-text__content\">\n<p><strong><strong>Production Aver Design<\/strong><\/strong><\/p>\n\n\n\n<p>In 2019, AVER DESIGN participated in Casa Cor Rio Grande do Sul and, as a result, stood out remarkably in the space designed by Escrit\u00f3rio Casulo Arquitetura de Experi\u00eancia. During the event, we produced a video that showcases, in detail, each stage of production and the meticulous care involved in the process. We also created six variations of the Grand Casablanca pendant.<\/p>\n<\/div><\/div>\n\n\n\n<div style=\"height:121px\" aria-hidden=\"true\" class=\"wp-block-spacer\"><\/div>\n\n\n\n<p><\/p>","protected":false},"excerpt":{"rendered":"<p>Os v\u00eddeos das cole\u00e7\u00f5es Aver Design mostram a ess\u00eancia de cada pe\u00e7a em movimento: a luz que se transforma, o brilho do cristal de rocha e a sofistica\u00e7\u00e3o dos metais [&hellip;]<\/p>\n","protected":false},"author":4,"featured_media":0,"parent":0,"menu_order":0,"comment_status":"closed","ping_status":"closed","template":"","meta":{"_acf_changed":false,"footnotes":""},"class_list":["post-5006","page","type-page","status-publish","hentry"],"acf":[],"_links":{"self":[{"href":"https:\/\/avermetais.com.br\/en\/wp-json\/wp\/v2\/pages\/5006","targetHints":{"allow":["GET"]}}],"collection":[{"href":"https:\/\/avermetais.com.br\/en\/wp-json\/wp\/v2\/pages"}],"about":[{"href":"https:\/\/avermetais.com.br\/en\/wp-json\/wp\/v2\/types\/page"}],"author":[{"embeddable":true,"href":"https:\/\/avermetais.com.br\/en\/wp-json\/wp\/v2\/users\/4"}],"replies":[{"embeddable":true,"href":"https:\/\/avermetais.com.br\/en\/wp-json\/wp\/v2\/comments?post=5006"}],"version-history":[{"count":16,"href":"https:\/\/avermetais.com.br\/en\/wp-json\/wp\/v2\/pages\/5006\/revisions"}],"predecessor-version":[{"id":6891,"href":"https:\/\/avermetais.com.br\/en\/wp-json\/wp\/v2\/pages\/5006\/revisions\/6891"}],"wp:attachment":[{"href":"https:\/\/avermetais.com.br\/en\/wp-json\/wp\/v2\/media?parent=5006"}],"curies":[{"name":"wp","href":"https:\/\/api.w.org\/{rel}","templated":true}]}}