{"id":2321,"date":"2020-03-12T11:44:30","date_gmt":"2020-03-12T14:44:30","guid":{"rendered":"http:\/\/trine.com.br\/loja\/produto\/import-placeholder-for-70\/"},"modified":"2026-04-24T17:30:12","modified_gmt":"2026-04-24T20:30:12","slug":"santiago","status":"publish","type":"product","link":"https:\/\/avermetais.com.br\/en\/loja\/santiago\/","title":{"rendered":"Santiago"},"content":{"rendered":"<p><strong>Size:<\/strong> \u00d8: 25cm; H: 47cm.<\/p>\n<p><strong>Bulbs:<\/strong>\u00a003\u00a0x G9<\/p>\n<p><strong>Finishes:<\/strong> Gold Leaf, Silver Leaf, Warm Gold Leaf, Warm Silver Leaf, Warm Copper Leaf, Dark Gold Leaf, Dark Silver Leaf, Bronze Leaf, Antique Bronze, Antique Golden<\/p>\n<p><strong>Rock Crystal:<\/strong> White Quartz , Smoked Quartz<\/p>","protected":false},"excerpt":{"rendered":"<p data-start=\"14\" data-end=\"311\">\n<p data-start=\"14\" data-end=\"311\">O pendente Santiago prop\u00f5e uma leitura delicada e contempor\u00e2nea do cl\u00e1ssico, explorando a leveza das formas em uma composi\u00e7\u00e3o compacta e precisa. Pequeno em escala, mas expressivo em presen\u00e7a, \u00e9 constru\u00eddo a partir de cristais de rocha que revelam transpar\u00eancia natural e nuances org\u00e2nicas \u00fanicas.<\/p>\n<p data-start=\"313\" data-end=\"574\">A luz atravessa os cristais de maneira sutil, criando reflexos suaves e uma atmosfera intimista, onde o brilho n\u00e3o \u00e9 excessivo, mas cuidadosamente dosado. O resultado \u00e9 uma pe\u00e7a que valoriza o detalhe, a mat\u00e9ria-prima e a sensibilidade do projeto luminot\u00e9cnico.<\/p>","protected":false},"featured_media":7002,"comment_status":"open","ping_status":"closed","template":"","meta":{"_acf_changed":false},"product_brand":[],"product_cat":[24,85],"product_tag":[89],"class_list":{"0":"post-2321","1":"product","2":"type-product","3":"status-publish","4":"has-post-thumbnail","6":"product_cat-produtos","7":"product_cat-pendentes","8":"product_tag-de-volta","10":"first","11":"instock","12":"shipping-taxable","13":"purchasable","14":"product-type-variable","15":"has-default-attributes"},"acf":[],"_links":{"self":[{"href":"https:\/\/avermetais.com.br\/en\/wp-json\/wp\/v2\/product\/2321","targetHints":{"allow":["GET"]}}],"collection":[{"href":"https:\/\/avermetais.com.br\/en\/wp-json\/wp\/v2\/product"}],"about":[{"href":"https:\/\/avermetais.com.br\/en\/wp-json\/wp\/v2\/types\/product"}],"replies":[{"embeddable":true,"href":"https:\/\/avermetais.com.br\/en\/wp-json\/wp\/v2\/comments?post=2321"}],"wp:featuredmedia":[{"embeddable":true,"href":"https:\/\/avermetais.com.br\/en\/wp-json\/wp\/v2\/media\/7002"}],"wp:attachment":[{"href":"https:\/\/avermetais.com.br\/en\/wp-json\/wp\/v2\/media?parent=2321"}],"wp:term":[{"taxonomy":"product_brand","embeddable":true,"href":"https:\/\/avermetais.com.br\/en\/wp-json\/wp\/v2\/product_brand?post=2321"},{"taxonomy":"product_cat","embeddable":true,"href":"https:\/\/avermetais.com.br\/en\/wp-json\/wp\/v2\/product_cat?post=2321"},{"taxonomy":"product_tag","embeddable":true,"href":"https:\/\/avermetais.com.br\/en\/wp-json\/wp\/v2\/product_tag?post=2321"}],"curies":[{"name":"wp","href":"https:\/\/api.w.org\/{rel}","templated":true}]}}