{"id":2567,"date":"2020-03-12T11:45:31","date_gmt":"2020-03-12T14:45:31","guid":{"rendered":"http:\/\/trine.com.br\/loja\/produto\/import-placeholder-for-316\/"},"modified":"2026-04-29T09:55:12","modified_gmt":"2026-04-29T12:55:12","slug":"lilly-delux-redondo-80","status":"publish","type":"product","link":"https:\/\/avermetais.com.br\/en\/loja\/lilly-delux-redondo-80\/","title":{"rendered":"Lilly Delux 80"},"content":{"rendered":"<p><strong>Size:<\/strong> \u00d8: 31\"4; H: 31\"4<\/p>\n<p><strong>Bulbs:<\/strong>\u00a008\u00a0x E14<\/p>\n<p><strong>Finishes:<\/strong> Gold Leaf, Silver Leaf, Warm Gold Leaf, Warm Silver Leaf.<\/p>\n<p><strong>Crystals:<\/strong> Clear<\/p>\n<p><strong>Chains:<\/strong> N\u00edquel, Ouro e Ouro Envelhecido<\/p>","protected":false},"excerpt":{"rendered":"<p>&nbsp;<\/p>\n<p data-start=\"17\" data-end=\"313\">Um cl\u00e1ssico absoluto reinterpretado com precis\u00e3o contempor\u00e2nea. O pendente Lilly Deluz, em cristais clear, revela uma composi\u00e7\u00e3o circular imponente, onde fileiras de cristais lapidados se organizam em camadas descendentes, criando um efeito cascata de brilho cont\u00ednuo e profundamente sofisticado.<\/p>\n<p data-start=\"315\" data-end=\"632\">A transpar\u00eancia dos cristais potencializa a difus\u00e3o da luz, entregando reflexos limpos, elegantes e bem distribu\u00eddos \u2014 um jogo luminot\u00e9cnico que valoriza materiais, volumes e texturas ao redor.<\/p>","protected":false},"featured_media":222,"comment_status":"open","ping_status":"closed","template":"","meta":{"_acf_changed":false},"product_brand":[],"product_cat":[24],"product_tag":[89],"class_list":{"0":"post-2567","1":"product","2":"type-product","3":"status-publish","4":"has-post-thumbnail","6":"product_cat-produtos","7":"product_tag-de-volta","9":"first","10":"instock","11":"shipping-taxable","12":"purchasable","13":"product-type-simple"},"acf":[],"_links":{"self":[{"href":"https:\/\/avermetais.com.br\/en\/wp-json\/wp\/v2\/product\/2567","targetHints":{"allow":["GET"]}}],"collection":[{"href":"https:\/\/avermetais.com.br\/en\/wp-json\/wp\/v2\/product"}],"about":[{"href":"https:\/\/avermetais.com.br\/en\/wp-json\/wp\/v2\/types\/product"}],"replies":[{"embeddable":true,"href":"https:\/\/avermetais.com.br\/en\/wp-json\/wp\/v2\/comments?post=2567"}],"wp:featuredmedia":[{"embeddable":true,"href":"https:\/\/avermetais.com.br\/en\/wp-json\/wp\/v2\/media\/222"}],"wp:attachment":[{"href":"https:\/\/avermetais.com.br\/en\/wp-json\/wp\/v2\/media?parent=2567"}],"wp:term":[{"taxonomy":"product_brand","embeddable":true,"href":"https:\/\/avermetais.com.br\/en\/wp-json\/wp\/v2\/product_brand?post=2567"},{"taxonomy":"product_cat","embeddable":true,"href":"https:\/\/avermetais.com.br\/en\/wp-json\/wp\/v2\/product_cat?post=2567"},{"taxonomy":"product_tag","embeddable":true,"href":"https:\/\/avermetais.com.br\/en\/wp-json\/wp\/v2\/product_tag?post=2567"}],"curies":[{"name":"wp","href":"https:\/\/api.w.org\/{rel}","templated":true}]}}