{"id":3535,"date":"2021-07-07T13:27:46","date_gmt":"2021-07-07T16:27:46","guid":{"rendered":"http:\/\/avermetais.com.br\/?post_type=product&#038;p=3535"},"modified":"2026-04-29T10:11:56","modified_gmt":"2026-04-29T13:11:56","slug":"saint-maurice-88","status":"publish","type":"product","link":"https:\/\/avermetais.com.br\/en\/loja\/saint-maurice-88\/","title":{"rendered":"Saint Maurice 88"},"content":{"rendered":"<p><strong>Size:<\/strong> \u00d8: 34\"6; H: 21\"6<\/p>\n<p><strong>Bulbs:<\/strong> 12 x E14.<\/p>\n<p><strong>Cristal:<\/strong> Clear.<\/p>\n<p><strong>Chains:<\/strong> Nickel.<\/p>","protected":false},"excerpt":{"rendered":"<p>&nbsp;<\/p>\n<p>Com silhueta cl\u00e1ssica e presen\u00e7a imponente, a cole\u00e7\u00e3o Saint Maurice revela um trabalho minucioso de composi\u00e7\u00e3o em correntes met\u00e1licas que se entrela\u00e7am em camadas fluidas, formando uma cascata sofisticada de luz e textura. O acabamento dourado, de brilho sutil e elegante, reflete a luz de maneira envolvente, criando um efeito cintilante que valoriza o ambiente com discri\u00e7\u00e3o e requinte.<\/p>\n<p>O desenho remete aos grandes \u00edcones do design cl\u00e1ssico, reinterpretados com leveza contempor\u00e2nea. Cada detalhe foi pensado para transmitir opul\u00eancia sem excessos \u2014 uma est\u00e9tica equilibrada, que dialoga perfeitamente com projetos de alto padr\u00e3o.<\/p>\n<p>Product designed to be used exclusively as a light source with light emitting diodes. (LED)<\/p>","protected":false},"featured_media":7009,"comment_status":"open","ping_status":"closed","template":"","meta":{"_acf_changed":false},"product_brand":[],"product_cat":[24,85],"product_tag":[89],"class_list":{"0":"post-3535","1":"product","2":"type-product","3":"status-publish","4":"has-post-thumbnail","6":"product_cat-produtos","7":"product_cat-pendentes","8":"product_tag-de-volta","10":"first","11":"instock","12":"shipping-taxable","13":"purchasable","14":"product-type-simple"},"acf":[],"_links":{"self":[{"href":"https:\/\/avermetais.com.br\/en\/wp-json\/wp\/v2\/product\/3535","targetHints":{"allow":["GET"]}}],"collection":[{"href":"https:\/\/avermetais.com.br\/en\/wp-json\/wp\/v2\/product"}],"about":[{"href":"https:\/\/avermetais.com.br\/en\/wp-json\/wp\/v2\/types\/product"}],"replies":[{"embeddable":true,"href":"https:\/\/avermetais.com.br\/en\/wp-json\/wp\/v2\/comments?post=3535"}],"wp:featuredmedia":[{"embeddable":true,"href":"https:\/\/avermetais.com.br\/en\/wp-json\/wp\/v2\/media\/7009"}],"wp:attachment":[{"href":"https:\/\/avermetais.com.br\/en\/wp-json\/wp\/v2\/media?parent=3535"}],"wp:term":[{"taxonomy":"product_brand","embeddable":true,"href":"https:\/\/avermetais.com.br\/en\/wp-json\/wp\/v2\/product_brand?post=3535"},{"taxonomy":"product_cat","embeddable":true,"href":"https:\/\/avermetais.com.br\/en\/wp-json\/wp\/v2\/product_cat?post=3535"},{"taxonomy":"product_tag","embeddable":true,"href":"https:\/\/avermetais.com.br\/en\/wp-json\/wp\/v2\/product_tag?post=3535"}],"curies":[{"name":"wp","href":"https:\/\/api.w.org\/{rel}","templated":true}]}}