{"id":4270,"date":"2023-02-21T16:05:46","date_gmt":"2023-02-21T19:05:46","guid":{"rendered":"http:\/\/avermetais.com.br\/?post_type=product&#038;p=4270"},"modified":"2026-05-14T09:46:31","modified_gmt":"2026-05-14T12:46:31","slug":"martina-pendente-i","status":"publish","type":"product","link":"https:\/\/avermetais.com.br\/en\/loja\/martina-pendente-i\/","title":{"rendered":"Martina Pendant I"},"content":{"rendered":"<p><strong>Size:<\/strong>\u00a0 \u00d8: 31.4\";  H: 9.8\"<\/p>\n<p><strong>Bulbs:<\/strong> 12 x E14<\/p>\n<p><strong>Availability Finishes:\u00a0<\/strong><\/p>\n<p><strong>Gold and Silver Finishes: <\/strong>Gold Leaf, Silver Leaf, Warm Gold Leaf, Warm Silver Leaf<\/p>\n<p><strong>Painted Finishes: <\/strong>Antique Golden, Antique Bronze, Matte Black, Vintage Gold, Rustic Silver and Old Bronze<strong>\u00a0<\/strong><\/p>\n<p><strong>Ceramic Textures:<\/strong> Padr\u00e3o Cer\u00e2mica riscada. Explore outras op\u00e7\u00f5es de revestimentos &#8211; consulte-nos para disponibilidade de execu\u00e7\u00e3o e diferen\u00e7a de valores.<\/p>","protected":false},"excerpt":{"rendered":"<p>The Martina collection is an evolution of the selenite working techniques previously developed in the Drum collection. Ceramic textures create a new repertoire of experiments culminating in a series of pieces with a classic and contemporary look.<\/p>\n<p><em>Product designed to be used exclusively as a light source with light emitting diodes. (LED)<\/em><\/p>\n<p>&nbsp;<\/p>\n<p> <a class=\"botao-3d\" href=\"https:\/\/3dwarehouse.sketchup.com\/model\/d2ed5136-c901-406d-a323-174387320bed\/Martina-Pendente-I-Aver-Design\" target=\"_blank\" rel=\"noopener\"><strong>\u2b22 Explore o modelo 3D <\/strong><\/a><\/p>","protected":false},"featured_media":7108,"comment_status":"open","ping_status":"closed","template":"","meta":{"_acf_changed":false},"product_brand":[],"product_cat":[24,85],"product_tag":[],"class_list":{"0":"post-4270","1":"product","2":"type-product","3":"status-publish","4":"has-post-thumbnail","6":"product_cat-produtos","7":"product_cat-pendentes","9":"first","10":"instock","11":"shipping-taxable","12":"purchasable","13":"product-type-simple"},"acf":[],"_links":{"self":[{"href":"https:\/\/avermetais.com.br\/en\/wp-json\/wp\/v2\/product\/4270","targetHints":{"allow":["GET"]}}],"collection":[{"href":"https:\/\/avermetais.com.br\/en\/wp-json\/wp\/v2\/product"}],"about":[{"href":"https:\/\/avermetais.com.br\/en\/wp-json\/wp\/v2\/types\/product"}],"replies":[{"embeddable":true,"href":"https:\/\/avermetais.com.br\/en\/wp-json\/wp\/v2\/comments?post=4270"}],"wp:featuredmedia":[{"embeddable":true,"href":"https:\/\/avermetais.com.br\/en\/wp-json\/wp\/v2\/media\/7108"}],"wp:attachment":[{"href":"https:\/\/avermetais.com.br\/en\/wp-json\/wp\/v2\/media?parent=4270"}],"wp:term":[{"taxonomy":"product_brand","embeddable":true,"href":"https:\/\/avermetais.com.br\/en\/wp-json\/wp\/v2\/product_brand?post=4270"},{"taxonomy":"product_cat","embeddable":true,"href":"https:\/\/avermetais.com.br\/en\/wp-json\/wp\/v2\/product_cat?post=4270"},{"taxonomy":"product_tag","embeddable":true,"href":"https:\/\/avermetais.com.br\/en\/wp-json\/wp\/v2\/product_tag?post=4270"}],"curies":[{"name":"wp","href":"https:\/\/api.w.org\/{rel}","templated":true}]}}