{"id":6242,"date":"2025-05-14T17:14:11","date_gmt":"2025-05-14T20:14:11","guid":{"rendered":"https:\/\/avermetais.com.br\/?post_type=product&#038;p=6242"},"modified":"2025-09-18T15:01:36","modified_gmt":"2025-09-18T18:01:36","slug":"moonlight-wall","status":"publish","type":"product","link":"https:\/\/avermetais.com.br\/en\/loja\/moonlight-wall\/","title":{"rendered":"Moonlight Wall"},"content":{"rendered":"<p><strong>Size:<\/strong>\u00a0 8.3\" x 3.1\"; H: 15\"<\/p>\n<p><strong>Bulbs: <\/strong>1 x LED 5w\u00a0 2700K<\/p>\n<p><strong>Crystal finish:<\/strong>\u00a0Polished Quartz or Brushed Quartz<\/p>\n<p><strong>Availability Finishes:\u00a0<\/strong><\/p>\n<p><strong>Gold and Silver Finishes:\u00a0<\/strong>Gold Leaf, Silver Leaf, Warm Gold Leaf, Warm Silver Leaf<\/p>\n<p><strong>Painted Finishes:\u00a0<\/strong>Antique Golden, Antique Bronze, Matte Black, Vintage Gold, Rustic Silver and Old Bronze<strong>\u00a0<\/strong><\/p>\n<p><strong>Ceramic Textures:<\/strong>\u00a0Explore other ceramic textures options \u2013 consult us for availability.<\/p>","protected":false},"excerpt":{"rendered":"<ul>\n<li><em><strong>AVAILABLE IN POLISHED OR BRUSHED WHITE QUARTZ*\u00a0<\/strong><\/em><\/li>\n<\/ul>\n<p data-start=\"287\" data-end=\"512\">Moonlight nasce do encontro entre o bruto e o sublime. Uma base de textura micro coral dourada, quase como areia solar petrificada, acolhe uma esfera transl\u00facida de pura poesia. A luz que emana n\u00e3o apenas clareia, ela acaricia o espa\u00e7o.<\/p>\n<p data-start=\"514\" data-end=\"777\">Como a lua refletida sobre um templo antigo, sua presen\u00e7a \u00e9 ao mesmo tempo ancestral e contempor\u00e2nea. O dourado remete ao toque humano, ao feito \u00e0 m\u00e3o, \u00e0 hist\u00f3ria que se escreve com mat\u00e9ria. A esfera, de apar\u00eancia quase lunar, flutua como um segredo bem guardado.<\/p>\n<p data-start=\"779\" data-end=\"950\">Moonlight n\u00e3o segue tend\u00eancias. Ela as silencia.<\/p>","protected":false},"featured_media":6243,"comment_status":"open","ping_status":"closed","template":"","meta":{"_acf_changed":false},"product_brand":[],"product_cat":[24,87],"product_tag":[],"class_list":{"0":"post-6242","1":"product","2":"type-product","3":"status-publish","4":"has-post-thumbnail","6":"product_cat-produtos","7":"product_cat-arandela","9":"first","10":"instock","11":"shipping-taxable","12":"purchasable","13":"product-type-simple"},"acf":[],"_links":{"self":[{"href":"https:\/\/avermetais.com.br\/en\/wp-json\/wp\/v2\/product\/6242","targetHints":{"allow":["GET"]}}],"collection":[{"href":"https:\/\/avermetais.com.br\/en\/wp-json\/wp\/v2\/product"}],"about":[{"href":"https:\/\/avermetais.com.br\/en\/wp-json\/wp\/v2\/types\/product"}],"replies":[{"embeddable":true,"href":"https:\/\/avermetais.com.br\/en\/wp-json\/wp\/v2\/comments?post=6242"}],"wp:featuredmedia":[{"embeddable":true,"href":"https:\/\/avermetais.com.br\/en\/wp-json\/wp\/v2\/media\/6243"}],"wp:attachment":[{"href":"https:\/\/avermetais.com.br\/en\/wp-json\/wp\/v2\/media?parent=6242"}],"wp:term":[{"taxonomy":"product_brand","embeddable":true,"href":"https:\/\/avermetais.com.br\/en\/wp-json\/wp\/v2\/product_brand?post=6242"},{"taxonomy":"product_cat","embeddable":true,"href":"https:\/\/avermetais.com.br\/en\/wp-json\/wp\/v2\/product_cat?post=6242"},{"taxonomy":"product_tag","embeddable":true,"href":"https:\/\/avermetais.com.br\/en\/wp-json\/wp\/v2\/product_tag?post=6242"}],"curies":[{"name":"wp","href":"https:\/\/api.w.org\/{rel}","templated":true}]}}