{"id":6835,"date":"2026-04-06T10:39:36","date_gmt":"2026-04-06T13:39:36","guid":{"rendered":"https:\/\/avermetais.com.br\/?post_type=product&#038;p=6835"},"modified":"2026-04-06T10:39:36","modified_gmt":"2026-04-06T13:39:36","slug":"pharos-wall-ii","status":"publish","type":"product","link":"https:\/\/avermetais.com.br\/en\/loja\/pharos-wall-ii\/","title":{"rendered":"Pharos Wall II"},"content":{"rendered":"<p><strong>Size:<\/strong>\u00a0 18cm x 09cm; H: 120cm<\/p>\n<p><strong>Bulbs: <\/strong>06 x LED 3W 3000K &#8211; 690 L\u00famens<\/p>\n<p><strong>Crystal finish:<\/strong> Rocha Natural<\/p>\n<p><strong>Availability Finishes:\u00a0<\/strong><\/p>\n<p><strong>Gold and Silver Finishes:\u00a0<\/strong>Gold Leaf, Silver Leaf, Warm Gold Leaf, Warm Silver Leaf<\/p>\n<p><strong>Painted Finishes:\u00a0<\/strong>Antique Golden, Antique Bronze, Matte Black, Vintage Gold, Rustic Silver and Old Bronze<strong>\u00a0<\/strong><\/p>\n<p><strong>Ceramic Textures:<\/strong>\u00a0Explore other ceramic textures options \u2013 consult us for availability.<\/p>","protected":false},"excerpt":{"rendered":"<p>Inspirada na presen\u00e7a ancestral da luz como guia, Pharos nasce como uma cole\u00e7\u00e3o onde ilumina\u00e7\u00e3o e escultura se tornam uma s\u00f3 linguagem.<\/p>\n<p>Seu grande diferencial est\u00e1 em um elemento central e absolutamente autoral: um difusor exclusivo em rocha natural, desenvolvido pela AVER a partir de uma interpreta\u00e7\u00e3o in\u00e9dita da pedra. Mais do que um detalhe nobre, a rocha assume protagonismo na pe\u00e7a, filtrando a luz com profundidade, suavidade e uma beleza naturalmente irrepet\u00edvel.<\/p>\n<p>Cada pendente e cada arandela apresenta uma composi\u00e7\u00e3o singular. A lapida\u00e7\u00e3o da rocha respeita a individualidade do material, revelando formas \u00fanicas, texturas pr\u00f3prias e uma difus\u00e3o luminosa que jamais se repete.<\/p>\n<p>Com design exclusivo da AVER, Pharos prop\u00f5e uma nova forma de experimentar a luz: mais sensorial, mais escultural, mais rara.<\/p>","protected":false},"featured_media":6797,"comment_status":"open","ping_status":"closed","template":"","meta":{"_acf_changed":false},"product_brand":[],"product_cat":[24,87,31,41,37],"product_tag":[],"class_list":{"0":"post-6835","1":"product","2":"type-product","3":"status-publish","4":"has-post-thumbnail","6":"product_cat-produtos","7":"product_cat-arandela","8":"product_cat-destaque-3","9":"product_cat-lancamento","10":"product_cat-novo","12":"first","13":"instock","14":"shipping-taxable","15":"purchasable","16":"product-type-simple"},"acf":[],"_links":{"self":[{"href":"https:\/\/avermetais.com.br\/en\/wp-json\/wp\/v2\/product\/6835","targetHints":{"allow":["GET"]}}],"collection":[{"href":"https:\/\/avermetais.com.br\/en\/wp-json\/wp\/v2\/product"}],"about":[{"href":"https:\/\/avermetais.com.br\/en\/wp-json\/wp\/v2\/types\/product"}],"replies":[{"embeddable":true,"href":"https:\/\/avermetais.com.br\/en\/wp-json\/wp\/v2\/comments?post=6835"}],"wp:featuredmedia":[{"embeddable":true,"href":"https:\/\/avermetais.com.br\/en\/wp-json\/wp\/v2\/media\/6797"}],"wp:attachment":[{"href":"https:\/\/avermetais.com.br\/en\/wp-json\/wp\/v2\/media?parent=6835"}],"wp:term":[{"taxonomy":"product_brand","embeddable":true,"href":"https:\/\/avermetais.com.br\/en\/wp-json\/wp\/v2\/product_brand?post=6835"},{"taxonomy":"product_cat","embeddable":true,"href":"https:\/\/avermetais.com.br\/en\/wp-json\/wp\/v2\/product_cat?post=6835"},{"taxonomy":"product_tag","embeddable":true,"href":"https:\/\/avermetais.com.br\/en\/wp-json\/wp\/v2\/product_tag?post=6835"}],"curies":[{"name":"wp","href":"https:\/\/api.w.org\/{rel}","templated":true}]}}